{"id":2,"date":"2018-01-03T14:51:35","date_gmt":"2018-01-03T14:51:35","guid":{"rendered":"http:\/\/scena54.yumistudio.pl\/?page_id=2"},"modified":"2025-01-31T08:54:18","modified_gmt":"2025-01-31T07:54:18","slug":"home","status":"publish","type":"page","link":"https:\/\/scena54.pl\/katowice\/","title":{"rendered":"Home"},"content":{"rendered":"<p>Scena54<\/p>\n<p>Scena54 to w tygodniu restauracja i cocktail bar, a weekendami klub, kt\u00f3ry wychodzi naprzeciw oczekiwaniom go\u015bci premium, lubuj\u0105cym si\u0119 w wysublimowanej rozrywce. To spe\u0142nienie marzenia wyrafinowanego klubowicza o miejscu przyjaznym zar\u00f3wno na spokojne wyj\u015bcie z przyjaci\u00f3\u0142mi, nieformalne spotkanie biznesowe jak i szalon\u0105, pe\u0142n\u0105 wra\u017ce\u0144 noc na parkiecie.<\/p>\n","protected":false},"excerpt":{"rendered":"<p>Scena54 Scena54 to w tygodniu restauracja i cocktail bar, a weekendami klub, kt\u00f3ry wychodzi naprzeciw oczekiwaniom go\u015bci premium, lubuj\u0105cym si\u0119 &hellip; <\/p>\n","protected":false},"author":1,"featured_media":0,"parent":0,"menu_order":8,"comment_status":"closed","ping_status":"open","template":"","meta":{"_acf_changed":false,"footnotes":""},"class_list":["post-2","page","type-page","status-publish","hentry"],"acf":[],"aioseo_notices":[],"post_mailing_queue_ids":[],"_links":{"self":[{"href":"https:\/\/scena54.pl\/katowice\/wp-json\/wp\/v2\/pages\/2","targetHints":{"allow":["GET"]}}],"collection":[{"href":"https:\/\/scena54.pl\/katowice\/wp-json\/wp\/v2\/pages"}],"about":[{"href":"https:\/\/scena54.pl\/katowice\/wp-json\/wp\/v2\/types\/page"}],"author":[{"embeddable":true,"href":"https:\/\/scena54.pl\/katowice\/wp-json\/wp\/v2\/users\/1"}],"replies":[{"embeddable":true,"href":"https:\/\/scena54.pl\/katowice\/wp-json\/wp\/v2\/comments?post=2"}],"version-history":[{"count":39,"href":"https:\/\/scena54.pl\/katowice\/wp-json\/wp\/v2\/pages\/2\/revisions"}],"predecessor-version":[{"id":3324,"href":"https:\/\/scena54.pl\/katowice\/wp-json\/wp\/v2\/pages\/2\/revisions\/3324"}],"wp:attachment":[{"href":"https:\/\/scena54.pl\/katowice\/wp-json\/wp\/v2\/media?parent=2"}],"curies":[{"name":"wp","href":"https:\/\/api.w.org\/{rel}","templated":true}]}}