{"id":3343,"date":"2025-04-14T12:33:21","date_gmt":"2025-04-14T10:33:21","guid":{"rendered":"https:\/\/scena54.pl\/katowice\/?page_id=3343"},"modified":"2025-04-14T12:33:21","modified_gmt":"2025-04-14T10:33:21","slug":"imprezy-firmowe-katowice","status":"publish","type":"page","link":"https:\/\/scena54.pl\/katowice\/imprezy-firmowe-katowice\/","title":{"rendered":"Imprezy firmowe Katowice"},"content":{"rendered":"\n<p>Scena 54 to wyj\u0105tkowe miejsce, kt\u00f3re \u0142\u0105czy nowoczesno\u015b\u0107 z elegancj\u0105, oferuj\u0105c niezapomniane do\u015bwiadczenia zar\u00f3wno dla os\u00f3b prywatnych, jak i firm organizuj\u0105cych imprezy. Nasza przestrze\u0144 to idealne rozwi\u0105zanie dla wszystkich poszukuj\u0105cych miejsca na organizacj\u0119 event\u00f3w, imprez firmowych, konferencji czy spotka\u0144 integracyjnych. Z siedzib\u0105 w sercu Katowic, oferujemy szeroki wachlarz us\u0142ug, kt\u00f3re spe\u0142ni\u0105 oczekiwania nawet najbardziej wymagaj\u0105cych klient\u00f3w.<\/p>\n\n\n\n<h2 class=\"wp-block-heading\">Imprezy firmowe Katowice \u2013 dostosowane do Twoich potrzeb<\/h2>\n\n\n\n<p>Imprezy firmowe w Katowicach ciesz\u0105 si\u0119 ogromnym zainteresowaniem. To dynamiczne miasto z coraz bardziej rozwijaj\u0105c\u0105 si\u0119 infrastruktur\u0105, kt\u00f3re staje si\u0119 centrum biznesowym. Scena 54 to odpowied\u017a na rosn\u0105ce potrzeby przedsi\u0119biorstw, kt\u00f3re szukaj\u0105 wyj\u0105tkowego miejsca na organizacj\u0119 imprez integracyjnych, szkole\u0144, bankiet\u00f3w czy event\u00f3w. Nasz\u0105 przestrze\u0144 mo\u017cna dowolnie aran\u017cowa\u0107, co sprawia, \u017ce ka\u017cda impreza firmowa w Katowicach staje si\u0119 unikalnym wydarzeniem.<\/p>\n\n\n\n<p>Z my\u015bl\u0105 o r\u00f3\u017cnych rodzajach wydarze\u0144 oferujemy pe\u0142ne wsparcie w zakresie organizacji. Nasi specjali\u015bci z przyjemno\u015bci\u0105 doradz\u0105, jak zrealizowa\u0107 Twoje pomys\u0142y i przeprowadz\u0105 Ci\u0119 przez ca\u0142y proces przygotowa\u0144. Scena 54 to miejsce, kt\u00f3re sprzyja networkingowi, integracji oraz efektywnej pracy zespo\u0142owej. Je\u017celi zale\u017cy Ci na stworzeniu niezapomnianej atmosfery, nasza oferta na imprezy firmowe w Katowicach jest w\u0142a\u015bnie dla Ciebie.<\/p>\n\n\n\n<h3 class=\"wp-block-heading\">Eventy firmowe Katowice \u2013 profesjonalizm i elegancja<\/h3>\n\n\n\n<p>Eventy firmowe w Katowicach to co\u015b, co powinno wyr\u00f3\u017cnia\u0107 si\u0119 profesjonalizmem, ale tak\u017ce kreatywno\u015bci\u0105 i dba\u0142o\u015bci\u0105 o najmniejsze detale. Scena 54 to przestrze\u0144, kt\u00f3ra mo\u017ce przyj\u0105\u0107 r\u00f3\u017cnorodne formy \u2013 od kameralnych spotka\u0144 po spektakularne eventy na du\u017c\u0105 skal\u0119. Dzi\u0119ki naszej elastyczno\u015bci, mo\u017cesz zorganizowa\u0107 u nas wydarzenie dopasowane do specyfiki Twojej firmy. Niezale\u017cnie od tego, czy chcesz zorganizowa\u0107 konferencj\u0119, gal\u0119, szkolenie, czy wystaw\u0119 \u2013 nasze przestrzenie s\u0105 odpowiednio przystosowane do takich zada\u0144.<\/p>\n\n\n\n<p>W ramach naszych event\u00f3w firmowych oferujemy kompleksow\u0105 obs\u0142ug\u0119. Pomagamy w przygotowaniach, doradzamy w doborze cateringu, zapewniamy odpowiedni\u0105 opraw\u0119 muzyczn\u0105, a tak\u017ce dbamy o wszystkie aspekty logistyczne. Dzi\u0119ki naszym do\u015bwiadczeniom w organizacji event\u00f3w, mo\u017cesz mie\u0107 pewno\u015b\u0107, \u017ce ka\u017cde wydarzenie, kt\u00f3re zorganizujesz w Scena 54, b\u0119dzie perfekcyjnie dopracowane, a Twoi go\u015bcie b\u0119d\u0105 zachwyceni.<\/p>\n\n\n\n<h3 class=\"wp-block-heading\">Kolacja firmowa Krak\u00f3w \u2013 wyj\u0105tkowy moment w wyj\u0105tkowym miejscu<\/h3>\n\n\n\n<p>Scena 54 to miejsce, kt\u00f3re wyr\u00f3\u017cnia si\u0119 wyj\u0105tkow\u0105 atmosfer\u0105 i elastyczno\u015bci\u0105. Ka\u017cda impreza firmowa w Katowicach organizowana w naszej przestrzeni to wydarzenie, kt\u00f3re pozostaje w pami\u0119ci uczestnik\u00f3w na d\u0142ugo. Dzi\u0119ki naszej wiedzy i do\u015bwiadczeniu, mo\u017cemy zorganizowa\u0107 eventy firmowe, kt\u00f3re b\u0119d\u0105 odzwierciedla\u0107 charakter Twojej firmy i jej warto\u015bci. Dodatkowo, nasz zesp\u00f3\u0142 zadba o ka\u017cdy detal, aby go\u015bcie czuli si\u0119 komfortowo i mieli mo\u017cliwo\u015b\u0107 pe\u0142nej integracji.<\/p>\n\n\n\n<h3 class=\"wp-block-heading\">Dlaczego Scena 54?<\/h3>\n\n\n\n<p>Scena 54 to miejsce, kt\u00f3re wyr\u00f3\u017cnia si\u0119 na tle innych. Nasza przestrze\u0144 jest nie tylko nowoczesna, ale tak\u017ce bardzo funkcjonalna, co pozwala na organizacj\u0119 wydarze\u0144 na najwy\u017cszym poziomie. Imprezy firmowe Katowice organizowane w Scena 54 to gwarancja sukcesu. Zajmujemy si\u0119 kompleksow\u0105 organizacj\u0105, dbamy o detale i oferujemy najwy\u017cszej jako\u015bci us\u0142ugi, dzi\u0119ki czemu nasze eventy firmowe w Katowicach s\u0105 niezapomnianym do\u015bwiadczeniem.<\/p>\n\n\n\n<p>Scena 54 to tak\u017ce zesp\u00f3\u0142 profesjonalist\u00f3w, kt\u00f3rzy zadbaj\u0105 o ka\u017cdy aspekt Twojego wydarzenia \u2013 od zaprosze\u0144, przez catering, a\u017c po podzi\u0119kowania dla go\u015bci. Naszym celem jest zapewnienie pe\u0142nej satysfakcji i stworzenie atmosfery, kt\u00f3ra sprawi, \u017ce Twoja impreza firmowa w Katowicach b\u0119dzie wyj\u0105tkowa. Serdecznie zapraszamy do wsp\u00f3\u0142pracy i organizacji niezapomnianych imprez firmowych, event\u00f3w i kolacji firmowych w Katowicach oraz Krakowie w Scena 54. Razem stworzymy co\u015b wyj\u0105tkowego!<\/p>\n","protected":false},"excerpt":{"rendered":"<p>Scena 54 to wyj\u0105tkowe miejsce, kt\u00f3re \u0142\u0105czy nowoczesno\u015b\u0107 z elegancj\u0105, oferuj\u0105c niezapomniane do\u015bwiadczenia zar\u00f3wno dla os\u00f3b prywatnych, jak i firm &hellip; <\/p>\n","protected":false},"author":2,"featured_media":0,"parent":0,"menu_order":4,"comment_status":"closed","ping_status":"closed","template":"","meta":{"_acf_changed":false,"footnotes":""},"class_list":["post-3343","page","type-page","status-publish","hentry"],"acf":[],"aioseo_notices":[],"post_mailing_queue_ids":[],"_links":{"self":[{"href":"https:\/\/scena54.pl\/katowice\/wp-json\/wp\/v2\/pages\/3343","targetHints":{"allow":["GET"]}}],"collection":[{"href":"https:\/\/scena54.pl\/katowice\/wp-json\/wp\/v2\/pages"}],"about":[{"href":"https:\/\/scena54.pl\/katowice\/wp-json\/wp\/v2\/types\/page"}],"author":[{"embeddable":true,"href":"https:\/\/scena54.pl\/katowice\/wp-json\/wp\/v2\/users\/2"}],"replies":[{"embeddable":true,"href":"https:\/\/scena54.pl\/katowice\/wp-json\/wp\/v2\/comments?post=3343"}],"version-history":[{"count":1,"href":"https:\/\/scena54.pl\/katowice\/wp-json\/wp\/v2\/pages\/3343\/revisions"}],"predecessor-version":[{"id":3344,"href":"https:\/\/scena54.pl\/katowice\/wp-json\/wp\/v2\/pages\/3343\/revisions\/3344"}],"wp:attachment":[{"href":"https:\/\/scena54.pl\/katowice\/wp-json\/wp\/v2\/media?parent=3343"}],"curies":[{"name":"wp","href":"https:\/\/api.w.org\/{rel}","templated":true}]}}