{"id":3362,"date":"2025-05-02T10:15:10","date_gmt":"2025-05-02T08:15:10","guid":{"rendered":"https:\/\/scena54.pl\/katowice\/?page_id=3362"},"modified":"2025-09-01T06:41:21","modified_gmt":"2025-09-01T04:41:21","slug":"blog-2","status":"publish","type":"page","link":"https:\/\/scena54.pl\/katowice\/blog-2\/","title":{"rendered":"Blog"},"content":{"rendered":"\n<div class=\"wp-block-group\"><div class=\"wp-block-group__inner-container is-layout-constrained wp-block-group-is-layout-constrained\">\n<ul class=\"wp-block-list\">\n<li><a href=\"https:\/\/scena54.pl\/katowice\/bbq-live-cooking-czyli-catering-na-impreze-przygotowywany-na-zywo\/\" title=\"\">BBQ Live Cooking, czyli catering na imprez\u0119 przygotowywany na \u017cywo!<\/a><\/li>\n\n\n\n<li><a href=\"https:\/\/scena54.pl\/katowice\/muzyczne-wydarzenia-w-scena54-co-oferujemy-milosnikom-zywej-muzyki-z-katowic\/\" title=\"\">Muzyczne wydarzenia w Scena54: Co oferujemy mi\u0142o\u015bnikom \u017cywej muzyki z Katowic?<\/a><\/li>\n\n\n\n<li><a href=\"https:\/\/scena54.pl\/katowice\/catering-na-imprezy-jak-dobrac-menu-do-charakteru-wydarzenia\/\" title=\"\">Catering na imprezy \u2013 jak dobra\u0107 menu do charakteru wydarzenia?<\/a><\/li>\n\n\n\n<li><a href=\"https:\/\/scena54.pl\/katowice\/catering-na-urodziny-co-serwowac-aby-zachwycic-gosci\/\" title=\"\">Catering na urodziny \u2013 co serwowa\u0107, aby zachwyci\u0107 go\u015bci?<\/a><\/li>\n\n\n\n<li><a href=\"https:\/\/scena54.pl\/katowice\/impreza-firmowa-jak-zadbac-o-sukces-i-dobra-atmosfere\/\" title=\"\">Impreza firmowa \u2013 jak zadba\u0107 o sukces i dobr\u0105 atmosfer\u0119?<\/a><\/li>\n\n\n\n<li><a href=\"https:\/\/scena54.pl\/katowice\/pierwszy-raz-w-katowicach-dowiedz-sie-co-zobaczyc-i-jak-milo-spedzic-czas\/\" title=\"\">Pierwszy raz w Katowicach? Dowiedz si\u0119 co zobaczy\u0107 i jak mi\u0142o sp\u0119dzi\u0107 czas<\/a><\/li>\n\n\n\n<li><a href=\"https:\/\/scena54.pl\/katowice\/dyskoteka-z-klasa-czym-wyroznia-sie-nowoczesny-klub-w-katowicach\/\" title=\"\">Dyskoteka z klas\u0105 \u2013 czym wyr\u00f3\u017cnia si\u0119 nowoczesny klub w Katowicach?<\/a><\/li>\n\n\n\n<li><a href=\"https:\/\/scena54.pl\/katowice\/muzyczne-trendy-w-katowickich-klubach-co-dzis-kroluje-na-parkiecie\/\" title=\"\">Muzyczne trendy w katowickich klubach \u2013 co dzi\u015b kr\u00f3luje na parkiecie?<\/a><\/li>\n\n\n\n<li><a href=\"https:\/\/scena54.pl\/katowice\/top-5-rzeczy-ktore-warto-zrobic-przed-wyjsciem-do-klubu-w-katowicach\/\" title=\"\">TOP 5 rzeczy, kt\u00f3re warto zrobi\u0107 przed wyj\u015bciem do klubu w Katowicach<\/a><\/li>\n\n\n\n<li><a href=\"https:\/\/scena54.pl\/katowice\/jak-i-gdzie-zorganizowac-kolacje-biznesowa\/\" title=\"\">Jak i gdzie zorganizowa\u0107 kolacj\u0119 biznesow\u0105?<\/a><\/li>\n\n\n\n<li><a href=\"https:\/\/scena54.pl\/katowice\/catering-okolicznosciowy-co-to-takiego-i-dlaczego-warto-postawic-na-profesjonalna-obsluge\/\" title=\"\">Catering okoliczno\u015bciowy \u2013 co to takiego i dlaczego warto postawi\u0107 na profesjonaln\u0105 obs\u0142ug\u0119?<\/a><\/li>\n\n\n\n<li><a href=\"https:\/\/scena54.pl\/katowice\/eventy-firmowe-jakie-atrakcje-i-aktywnosci-najlepiej-sprawdza-sie-na-spotkaniach-biznesowych\/\" title=\"\">Eventy firmowe: Jakie atrakcje i aktywno\u015bci najlepiej sprawdz\u0105 si\u0119 na spotkaniach biznesowych?<\/a><\/li>\n\n\n\n<li><a href=\"https:\/\/scena54.pl\/katowice\/jak-zorganizowac-niezapomniany-wieczor-z-przyjaciolmi-w-katowicach-kluby-muzyka-i-zabawa\/\" title=\"\">Jak zorganizowa\u0107 niezapomniany wiecz\u00f3r z przyjaci\u00f3\u0142mi w Katowicach: Kluby, muzyka i zabawa<strong><br><\/strong><\/a><a href=\"https:\/\/scena54.pl\/katowice\/catering-na-imprezy-jak-dobrac-menu-do-charakteru-wydarzenia\/\" title=\"\"><br><br><\/a><br><\/li>\n<\/ul>\n<\/div><\/div>\n","protected":false},"excerpt":{"rendered":"","protected":false},"author":2,"featured_media":0,"parent":0,"menu_order":3,"comment_status":"closed","ping_status":"closed","template":"","meta":{"_acf_changed":false,"footnotes":""},"class_list":["post-3362","page","type-page","status-publish","hentry"],"acf":[],"aioseo_notices":[],"post_mailing_queue_ids":[],"_links":{"self":[{"href":"https:\/\/scena54.pl\/katowice\/wp-json\/wp\/v2\/pages\/3362","targetHints":{"allow":["GET"]}}],"collection":[{"href":"https:\/\/scena54.pl\/katowice\/wp-json\/wp\/v2\/pages"}],"about":[{"href":"https:\/\/scena54.pl\/katowice\/wp-json\/wp\/v2\/types\/page"}],"author":[{"embeddable":true,"href":"https:\/\/scena54.pl\/katowice\/wp-json\/wp\/v2\/users\/2"}],"replies":[{"embeddable":true,"href":"https:\/\/scena54.pl\/katowice\/wp-json\/wp\/v2\/comments?post=3362"}],"version-history":[{"count":6,"href":"https:\/\/scena54.pl\/katowice\/wp-json\/wp\/v2\/pages\/3362\/revisions"}],"predecessor-version":[{"id":3425,"href":"https:\/\/scena54.pl\/katowice\/wp-json\/wp\/v2\/pages\/3362\/revisions\/3425"}],"wp:attachment":[{"href":"https:\/\/scena54.pl\/katowice\/wp-json\/wp\/v2\/media?parent=3362"}],"curies":[{"name":"wp","href":"https:\/\/api.w.org\/{rel}","templated":true}]}}