{"id":95,"date":"2018-01-11T14:02:09","date_gmt":"2018-01-11T13:02:09","guid":{"rendered":"http:\/\/scena54.yumistudio.pl\/?page_id=95"},"modified":"2025-01-31T09:20:48","modified_gmt":"2025-01-31T08:20:48","slug":"menu","status":"publish","type":"page","link":"https:\/\/scena54.pl\/katowice\/menu\/","title":{"rendered":"Menu"},"content":{"rendered":"<p><strong>Iconic Cool 10\/20<\/strong> \u2013 w ka\u017cd\u0105 \u015brod\u0119 i czwartek mo\u017cesz cieszy\u0107 si\u0119 smakiem wybranych 10 klasycznych cocktaili w cenie 20 z\u0142 ka\u017cdy! Oferta zmienia si\u0119 co miesi\u0105c.<\/p>\n<p><strong>Pink FIZZ<\/strong> \u2013 lekko wytrawny, owocowy cocktail przygotowany przy u\u017cyciu Belvedere Pink Grapefruit, Campari, soku z cytryny i sody.<\/p>\n<p><strong>COPA Alempi<\/strong> \u2013 cocktail, dla tych kt\u00f3rzy poszukuj\u0105 nietypowych i niebanalnych smak\u00f3w. COPA Alempi sw\u00f3j zawdzi\u0119cza po\u0142\u0105czeniu Finlandii Coconut z Pepsi i sokiem z limonki.<\/p>\n","protected":false},"excerpt":{"rendered":"<p>Iconic Cool 10\/20 \u2013 w ka\u017cd\u0105 \u015brod\u0119 i czwartek mo\u017cesz cieszy\u0107 si\u0119 smakiem wybranych 10 klasycznych cocktaili w cenie 20 &hellip; <\/p>\n","protected":false},"author":1,"featured_media":0,"parent":0,"menu_order":12,"comment_status":"closed","ping_status":"closed","template":"page-templates\/menu.php","meta":{"_acf_changed":false,"footnotes":""},"class_list":["post-95","page","type-page","status-publish","hentry"],"acf":[],"aioseo_notices":[],"post_mailing_queue_ids":[],"_links":{"self":[{"href":"https:\/\/scena54.pl\/katowice\/wp-json\/wp\/v2\/pages\/95","targetHints":{"allow":["GET"]}}],"collection":[{"href":"https:\/\/scena54.pl\/katowice\/wp-json\/wp\/v2\/pages"}],"about":[{"href":"https:\/\/scena54.pl\/katowice\/wp-json\/wp\/v2\/types\/page"}],"author":[{"embeddable":true,"href":"https:\/\/scena54.pl\/katowice\/wp-json\/wp\/v2\/users\/1"}],"replies":[{"embeddable":true,"href":"https:\/\/scena54.pl\/katowice\/wp-json\/wp\/v2\/comments?post=95"}],"version-history":[{"count":19,"href":"https:\/\/scena54.pl\/katowice\/wp-json\/wp\/v2\/pages\/95\/revisions"}],"predecessor-version":[{"id":3306,"href":"https:\/\/scena54.pl\/katowice\/wp-json\/wp\/v2\/pages\/95\/revisions\/3306"}],"wp:attachment":[{"href":"https:\/\/scena54.pl\/katowice\/wp-json\/wp\/v2\/media?parent=95"}],"curies":[{"name":"wp","href":"https:\/\/api.w.org\/{rel}","templated":true}]}}