{"id":97,"date":"2018-01-11T14:02:26","date_gmt":"2018-01-11T13:02:26","guid":{"rendered":"http:\/\/scena54.yumistudio.pl\/?page_id=97"},"modified":"2025-04-14T12:29:34","modified_gmt":"2025-04-14T10:29:34","slug":"catering","status":"publish","type":"page","link":"https:\/\/scena54.pl\/katowice\/catering\/","title":{"rendered":"Catering Scena54 Katowice"},"content":{"rendered":"\n<p>Catering Katowice to us\u0142uga, kt\u00f3ra wnosi \u015bwie\u017ce podej\u015bcie do organizacji wszelkiego rodzaju wydarze\u0144 w Katowicach i ca\u0142ym wojew\u00f3dztwie \u015al\u0105skim. Nasza oferta cateringowa jest dostosowana do r\u00f3\u017cnych potrzeb i oczekiwa\u0144 \u2013 od spotka\u0144 biznesowych po catering na urodziny czy elegancki catering okoliczno\u015bciowy w Katowicach. Dzi\u0119ki naszej elastyczno\u015bci i indywidualnemu podej\u015bciu do ka\u017cdego klienta, gwarantujemy nie tylko wy\u015bmienit\u0105 kuchni\u0119, ale i perfekcyjn\u0105 organizacj\u0119, kt\u00f3ra pozwoli Ci skupi\u0107 si\u0119 na przyjemno\u015bci z wydarzenia, nie martwi\u0105c si\u0119 o szczeg\u00f3\u0142y.<\/p>\n\n\n\n<h2 class=\"wp-block-heading\">Catering Katowice \u2013 smaki, kt\u00f3re wzbogac\u0105 ka\u017cde wydarzenie<\/h2>\n\n\n\n<p>W Scena 54 stawiamy na jako\u015b\u0107, \u015bwie\u017co\u015b\u0107 i r\u00f3\u017cnorodno\u015b\u0107. Nasza oferta cateringowa w Katowicach jest idealnym rozwi\u0105zaniem na ka\u017cde wydarzenie \u2013 od firmowych szkole\u0144 i lunch\u00f3w biznesowych, przez wi\u0119ksze imprezy okoliczno\u015bciowe, a\u017c po kameralne spotkania towarzyskie. Niezale\u017cnie od skali wydarzenia, nasze menu b\u0119dzie dopasowane do jego charakteru, a tak\u017ce indywidualnych gust\u00f3w i wymaga\u0144 go\u015bci.<\/p>\n\n\n\n<p>Wszystko, co robimy, opiera si\u0119 na pasji do gotowania i dba\u0142o\u015bci o detale. Nasze potrawy przygotowujemy z najwy\u017cszej jako\u015bci sk\u0142adnik\u00f3w, aby ka\u017cdy k\u0119s by\u0142 pe\u0142en smaku. Catering Katowice od Scena 54 to wi\u0119cej ni\u017c jedzenie \u2013 to kulinarna podr\u00f3\u017c, kt\u00f3ra zadowoli nawet najbardziej wymagaj\u0105cych go\u015bci.<\/p>\n","protected":false},"excerpt":{"rendered":"<p>Catering Katowice to us\u0142uga, kt\u00f3ra wnosi \u015bwie\u017ce podej\u015bcie do organizacji wszelkiego rodzaju wydarze\u0144 w Katowicach i ca\u0142ym wojew\u00f3dztwie \u015al\u0105skim. Nasza &hellip; <\/p>\n","protected":false},"author":1,"featured_media":0,"parent":0,"menu_order":13,"comment_status":"closed","ping_status":"closed","template":"page-templates\/business-offer.php","meta":{"_acf_changed":false,"footnotes":""},"class_list":["post-97","page","type-page","status-publish","hentry"],"acf":[],"aioseo_notices":[],"post_mailing_queue_ids":[],"_links":{"self":[{"href":"https:\/\/scena54.pl\/katowice\/wp-json\/wp\/v2\/pages\/97","targetHints":{"allow":["GET"]}}],"collection":[{"href":"https:\/\/scena54.pl\/katowice\/wp-json\/wp\/v2\/pages"}],"about":[{"href":"https:\/\/scena54.pl\/katowice\/wp-json\/wp\/v2\/types\/page"}],"author":[{"embeddable":true,"href":"https:\/\/scena54.pl\/katowice\/wp-json\/wp\/v2\/users\/1"}],"replies":[{"embeddable":true,"href":"https:\/\/scena54.pl\/katowice\/wp-json\/wp\/v2\/comments?post=97"}],"version-history":[{"count":57,"href":"https:\/\/scena54.pl\/katowice\/wp-json\/wp\/v2\/pages\/97\/revisions"}],"predecessor-version":[{"id":3341,"href":"https:\/\/scena54.pl\/katowice\/wp-json\/wp\/v2\/pages\/97\/revisions\/3341"}],"wp:attachment":[{"href":"https:\/\/scena54.pl\/katowice\/wp-json\/wp\/v2\/media?parent=97"}],"curies":[{"name":"wp","href":"https:\/\/api.w.org\/{rel}","templated":true}]}}